{"id":9,"date":"2024-12-16T15:07:54","date_gmt":"2024-12-16T14:07:54","guid":{"rendered":"https:\/\/pozyczkiw15minut.pl\/?page_id=9"},"modified":"2024-12-24T15:48:02","modified_gmt":"2024-12-24T14:48:02","slug":"home","status":"publish","type":"page","link":"https:\/\/pozyczkiw15minut.pl\/","title":{"rendered":""},"content":{"rendered":"\t\t<div data-elementor-type=\"wp-page\" data-elementor-id=\"9\" class=\"elementor elementor-9\">\n\t\t\t\t\t\t<section class=\"elementor-section elementor-top-section elementor-element elementor-element-39d6bcb elementor-section-boxed elementor-section-height-default elementor-section-height-default\" data-id=\"39d6bcb\" data-element_type=\"section\">\n\t\t\t\t\t\t<div class=\"elementor-container elementor-column-gap-default\">\n\t\t\t\t\t<div class=\"elementor-column elementor-col-100 elementor-top-column elementor-element elementor-element-42c9579\" data-id=\"42c9579\" data-element_type=\"column\">\n\t\t\t<div class=\"elementor-widget-wrap elementor-element-populated\">\n\t\t\t\t\t\t<div class=\"elementor-element elementor-element-9301598 elementor-widget elementor-widget-heading\" data-id=\"9301598\" data-element_type=\"widget\" data-widget_type=\"heading.default\">\n\t\t\t\t<div class=\"elementor-widget-container\">\n\t\t\t\t\t<h2 class=\"elementor-heading-title elementor-size-default\">Czym s\u0105 membrany dachowe?\n<\/h2>\t\t\t\t<\/div>\n\t\t\t\t<\/div>\n\t\t\t\t<div class=\"elementor-element elementor-element-bbde0eb elementor-widget elementor-widget-text-editor\" data-id=\"bbde0eb\" data-element_type=\"widget\" data-widget_type=\"text-editor.default\">\n\t\t\t\t<div class=\"elementor-widget-container\">\n\t\t\t\t\t\t\t\t\t<p>Membrany dachowe to cienkie, elastyczne materia\u0142y hydroizolacyjne, kt\u00f3re stosuje si\u0119 na dachach w celu ochrony przed wod\u0105 i wilgoci\u0105. Najcz\u0119\u015bciej produkowane s\u0105 z tworzyw sztucznych takich jak <strong>PVC<\/strong>, <strong>EPDM<\/strong> czy <strong>TPO<\/strong>, kt\u00f3re zapewniaj\u0105 doskona\u0142\u0105 trwa\u0142o\u015b\u0107 i odporno\u015b\u0107 na warunki atmosferyczne. Wykorzystywane s\u0105 zar\u00f3wno na dachach p\u0142askich, jak i sko\u015bnych, co czyni je uniwersalnym i wszechstronnym rozwi\u0105zaniem.<\/p>\t\t\t\t\t\t\t\t<\/div>\n\t\t\t\t<\/div>\n\t\t\t\t<div class=\"elementor-element elementor-element-7872ece elementor-widget elementor-widget-image\" data-id=\"7872ece\" data-element_type=\"widget\" data-widget_type=\"image.default\">\n\t\t\t\t<div class=\"elementor-widget-container\">\n\t\t\t\t\t\t\t\t\t\t\t\t\t\t\t<img fetchpriority=\"high\" decoding=\"async\" width=\"718\" height=\"495\" src=\"https:\/\/pozyczkiw15minut.pl\/wp-content\/uploads\/2024\/12\/epdm-membrana-dachowa.webp\" class=\"attachment-medium_large size-medium_large wp-image-11\" alt=\"przekroj epdm\" srcset=\"https:\/\/pozyczkiw15minut.pl\/wp-content\/uploads\/2024\/12\/epdm-membrana-dachowa.webp 718w, https:\/\/pozyczkiw15minut.pl\/wp-content\/uploads\/2024\/12\/epdm-membrana-dachowa-300x207.webp 300w\" sizes=\"(max-width: 718px) 100vw, 718px\" \/>\t\t\t\t\t\t\t\t\t\t\t\t\t\t\t<\/div>\n\t\t\t\t<\/div>\n\t\t\t\t\t<\/div>\n\t\t<\/div>\n\t\t\t\t\t<\/div>\n\t\t<\/section>\n\t\t\t\t<section class=\"elementor-section elementor-top-section elementor-element elementor-element-6950ec5 elementor-section-boxed elementor-section-height-default elementor-section-height-default\" data-id=\"6950ec5\" data-element_type=\"section\">\n\t\t\t\t\t\t<div class=\"elementor-container elementor-column-gap-default\">\n\t\t\t\t\t<div class=\"elementor-column elementor-col-100 elementor-top-column elementor-element elementor-element-bfd27f3\" data-id=\"bfd27f3\" data-element_type=\"column\">\n\t\t\t<div class=\"elementor-widget-wrap elementor-element-populated\">\n\t\t\t\t\t\t<div class=\"elementor-element elementor-element-8bec7e1 elementor-widget elementor-widget-heading\" data-id=\"8bec7e1\" data-element_type=\"widget\" data-widget_type=\"heading.default\">\n\t\t\t\t<div class=\"elementor-widget-container\">\n\t\t\t\t\t<h2 class=\"elementor-heading-title elementor-size-default\">Zalety membran dachowych\n<\/h2>\t\t\t\t<\/div>\n\t\t\t\t<\/div>\n\t\t\t\t<div class=\"elementor-element elementor-element-ac9bfac elementor-widget elementor-widget-text-editor\" data-id=\"ac9bfac\" data-element_type=\"widget\" data-widget_type=\"text-editor.default\">\n\t\t\t\t<div class=\"elementor-widget-container\">\n\t\t\t\t\t\t\t\t\t<h3>1. <strong>Skuteczna hydroizolacja<\/strong><\/h3><p><a href=\"https:\/\/hob.com.pl\">Membrany dachowe<\/a> zapewniaj\u0105 niezawodn\u0105 ochron\u0119 przed wod\u0105 deszczow\u0105, \u015bniegiem i wilgoci\u0105. Dzi\u0119ki swojej szczelno\u015bci i odporno\u015bci na czynniki zewn\u0119trzne minimalizuj\u0105 ryzyko przeciek\u00f3w oraz uszkodze\u0144 konstrukcji dachowej.<\/p><h3>2. <strong>Elastyczno\u015b\u0107 i odporno\u015b\u0107 na ruchy konstrukcji<\/strong><\/h3><p>Ze wzgl\u0119du na swoje w\u0142a\u015bciwo\u015bci, membrany s\u0105 w stanie dostosowa\u0107 si\u0119 do zmian konstrukcyjnych, takich jak rozszerzanie i kurczenie materia\u0142\u00f3w pod wp\u0142ywem temperatury. Ich elastyczno\u015b\u0107 pozwala r\u00f3wnie\u017c na stosowanie w r\u00f3\u017cnych konfiguracjach dach\u00f3w.<\/p><h3>3. <strong>\u0141atwo\u015b\u0107 monta\u017cu<\/strong><\/h3><p>Proces instalacji membran dachowych jest szybki i stosunkowo prosty. Materia\u0142y te mo\u017cna uk\u0142ada\u0107 na r\u00f3\u017cnych powierzchniach, co redukuje czas i koszty pracy w por\u00f3wnaniu do tradycyjnych metod hydroizolacji, takich jak papa bitumiczna.<\/p><h3>4. <strong>Odporno\u015b\u0107 na promieniowanie UV<\/strong><\/h3><p>Nowoczesne membrany dachowe s\u0105 odporne na promieniowanie s\u0142oneczne, co zapobiega degradacji materia\u0142u i wyd\u0142u\u017ca jego \u017cywotno\u015b\u0107.<\/p><h3>5. <strong>Niska waga<\/strong><\/h3><p>Dzi\u0119ki swojej lekko\u015bci membrany dachowe nie obci\u0105\u017caj\u0105 nadmiernie konstrukcji budynku. To kluczowa zaleta, szczeg\u00f3lnie w przypadku starszych obiekt\u00f3w o ograniczonej no\u015bno\u015bci.<\/p><h3>6. <strong>Energooszcz\u0119dno\u015b\u0107<\/strong><\/h3><p>Niekt\u00f3re typy membran dachowych, zw\u0142aszcza te jasnego koloru, pomagaj\u0105 w redukcji efektu cieplnego poprzez odbijanie promieni s\u0142onecznych. Dzi\u0119ki temu dachy pokryte membranami mog\u0105 wspiera\u0107 lepsz\u0105 efektywno\u015b\u0107 energetyczn\u0105 budynk\u00f3w.<\/p><h3>7. <strong>Ochrona przed mikroorganizmami<\/strong><\/h3><p>Membrany dachowe maj\u0105 w\u0142a\u015bciwo\u015bci odporno\u015bci na rozw\u00f3j grzyb\u00f3w, ple\u015bni czy innych mikroorganizm\u00f3w, co dodatkowo chroni konstrukcj\u0119 dachow\u0105 przed degradacj\u0105.<\/p>\t\t\t\t\t\t\t\t<\/div>\n\t\t\t\t<\/div>\n\t\t\t\t\t<\/div>\n\t\t<\/div>\n\t\t\t\t\t<\/div>\n\t\t<\/section>\n\t\t\t\t<section class=\"elementor-section elementor-top-section elementor-element elementor-element-53cc2ae elementor-section-boxed elementor-section-height-default elementor-section-height-default\" data-id=\"53cc2ae\" data-element_type=\"section\">\n\t\t\t\t\t\t<div class=\"elementor-container elementor-column-gap-default\">\n\t\t\t\t\t<div class=\"elementor-column elementor-col-33 elementor-top-column elementor-element elementor-element-3177865\" data-id=\"3177865\" data-element_type=\"column\">\n\t\t\t<div class=\"elementor-widget-wrap elementor-element-populated\">\n\t\t\t\t\t\t<div class=\"elementor-element elementor-element-dc9af51 elementor-widget elementor-widget-text-editor\" data-id=\"dc9af51\" data-element_type=\"widget\" data-widget_type=\"text-editor.default\">\n\t\t\t\t<div class=\"elementor-widget-container\">\n\t\t\t\t\t\t\t\t\t<p><strong>Sponsorzy:<\/strong><\/p>\t\t\t\t\t\t\t\t<\/div>\n\t\t\t\t<\/div>\n\t\t\t\t<div class=\"elementor-element elementor-element-c5332bd elementor-widget elementor-widget-text-editor\" data-id=\"c5332bd\" data-element_type=\"widget\" data-widget_type=\"text-editor.default\">\n\t\t\t\t<div class=\"elementor-widget-container\">\n\t\t\t\t\t\t\t\t\t<p>Klimatyzacje w warszawie: <a href=\"http:\/\/leoklima.pl\">leoklima.pl<\/a><\/p>\t\t\t\t\t\t\t\t<\/div>\n\t\t\t\t<\/div>\n\t\t\t\t<div class=\"elementor-element elementor-element-ae72874 elementor-widget elementor-widget-image\" data-id=\"ae72874\" data-element_type=\"widget\" data-widget_type=\"image.default\">\n\t\t\t\t<div class=\"elementor-widget-container\">\n\t\t\t\t\t\t\t\t\t\t\t\t\t\t\t<img decoding=\"async\" width=\"150\" height=\"150\" src=\"https:\/\/pozyczkiw15minut.pl\/wp-content\/uploads\/2024\/12\/leoklimapl-high-resolution-logo-color-on-transparent-background-2-150x150-1.png\" class=\"attachment-thumbnail size-thumbnail wp-image-16\" alt=\"\" \/>\t\t\t\t\t\t\t\t\t\t\t\t\t\t\t<\/div>\n\t\t\t\t<\/div>\n\t\t\t\t<div class=\"elementor-element elementor-element-ae81228 elementor-widget elementor-widget-text-editor\" data-id=\"ae81228\" data-element_type=\"widget\" data-widget_type=\"text-editor.default\">\n\t\t\t\t<div class=\"elementor-widget-container\">\n\t\t\t\t\t\t\t\t\t<p>Drzwi antyw\u0142amaniowe: <a href=\"http:\/\/sklep-internet.pl\">sklep-internet.pl<\/a><\/p>\t\t\t\t\t\t\t\t<\/div>\n\t\t\t\t<\/div>\n\t\t\t\t<div class=\"elementor-element elementor-element-ac043c9 elementor-widget elementor-widget-image\" data-id=\"ac043c9\" data-element_type=\"widget\" data-widget_type=\"image.default\">\n\t\t\t\t<div class=\"elementor-widget-container\">\n\t\t\t\t\t\t\t\t\t\t\t\t\t\t\t<img decoding=\"async\" width=\"300\" height=\"103\" src=\"https:\/\/pozyczkiw15minut.pl\/wp-content\/uploads\/2024\/12\/logo_domar-300x103.png\" class=\"attachment-medium size-medium wp-image-17\" alt=\"\" srcset=\"https:\/\/pozyczkiw15minut.pl\/wp-content\/uploads\/2024\/12\/logo_domar-300x103.png 300w, https:\/\/pozyczkiw15minut.pl\/wp-content\/uploads\/2024\/12\/logo_domar-768x264.png 768w, https:\/\/pozyczkiw15minut.pl\/wp-content\/uploads\/2024\/12\/logo_domar.png 852w\" sizes=\"(max-width: 300px) 100vw, 300px\" \/>\t\t\t\t\t\t\t\t\t\t\t\t\t\t\t<\/div>\n\t\t\t\t<\/div>\n\t\t\t\t<div class=\"elementor-element elementor-element-565be62 elementor-widget elementor-widget-text-editor\" data-id=\"565be62\" data-element_type=\"widget\" data-widget_type=\"text-editor.default\">\n\t\t\t\t<div class=\"elementor-widget-container\">\n\t\t\t\t\t\t\t\t\t<p>Chirurgia dla zwierz\u0105t:<br \/><a href=\"http:\/\/hau-miau.pl\">hau-miau.pl<\/a><\/p>\t\t\t\t\t\t\t\t<\/div>\n\t\t\t\t<\/div>\n\t\t\t\t<div class=\"elementor-element elementor-element-fb4d12b elementor-widget elementor-widget-image\" data-id=\"fb4d12b\" data-element_type=\"widget\" data-widget_type=\"image.default\">\n\t\t\t\t<div class=\"elementor-widget-container\">\n\t\t\t\t\t\t\t\t\t\t\t\t\t\t\t<img loading=\"lazy\" decoding=\"async\" width=\"213\" height=\"149\" src=\"https:\/\/pozyczkiw15minut.pl\/wp-content\/uploads\/2024\/12\/hau-miau.png\" class=\"attachment-medium size-medium wp-image-19\" alt=\"\" \/>\t\t\t\t\t\t\t\t\t\t\t\t\t\t\t<\/div>\n\t\t\t\t<\/div>\n\t\t\t\t\t<\/div>\n\t\t<\/div>\n\t\t\t\t<div class=\"elementor-column elementor-col-66 elementor-top-column elementor-element elementor-element-2e6853b\" data-id=\"2e6853b\" data-element_type=\"column\">\n\t\t\t<div class=\"elementor-widget-wrap elementor-element-populated\">\n\t\t\t\t\t\t<div class=\"elementor-element elementor-element-0921046 elementor-widget elementor-widget-heading\" data-id=\"0921046\" data-element_type=\"widget\" data-widget_type=\"heading.default\">\n\t\t\t\t<div class=\"elementor-widget-container\">\n\t\t\t\t\t<h2 class=\"elementor-heading-title elementor-size-default\">Wady membran dachowych<\/h2>\t\t\t\t<\/div>\n\t\t\t\t<\/div>\n\t\t\t\t<div class=\"elementor-element elementor-element-864761d elementor-widget elementor-widget-text-editor\" data-id=\"864761d\" data-element_type=\"widget\" data-widget_type=\"text-editor.default\">\n\t\t\t\t<div class=\"elementor-widget-container\">\n\t\t\t\t\t\t\t\t\t<h3>1. <strong>Koszty pocz\u0105tkowe<\/strong><\/h3><p>Chocia\u017c membrany dachowe s\u0105 trwa\u0142e, ich zakup oraz profesjonalna instalacja mog\u0105 by\u0107 dro\u017csze ni\u017c tradycyjne materia\u0142y hydroizolacyjne. Jednak ich d\u0142ugowieczno\u015b\u0107 sprawia, \u017ce koszty te z czasem si\u0119 zwracaj\u0105.<\/p><h3>2. <strong>Wra\u017cliwo\u015b\u0107 na b\u0142\u0119dy monta\u017cowe<\/strong><\/h3><p>Nieprawid\u0142owy monta\u017c membrany mo\u017ce prowadzi\u0107 do problem\u00f3w, takich jak nieszczelno\u015bci lub uszkodzenia materia\u0142u. Dlatego niezwykle istotne jest zatrudnienie wykwalifikowanych fachowc\u00f3w do instalacji.<\/p><h3>3. <strong>Konserwacja<\/strong><\/h3><p>Mimo swojej trwa\u0142o\u015bci, membrany dachowe wymagaj\u0105 regularnych przegl\u0105d\u00f3w i konserwacji, szczeg\u00f3lnie w miejscach \u0142\u0105cze\u0144 oraz na dachach nara\u017conych na intensywne obci\u0105\u017cenia mechaniczne.<\/p><h3>4. <strong>Ograniczona estetyka<\/strong><\/h3><p>Dla niekt\u00f3rych inwestor\u00f3w membrany dachowe mog\u0105 by\u0107 mniej atrakcyjne wizualnie w por\u00f3wnaniu do dach\u00f3wek czy blachodach\u00f3wek, szczeg\u00f3lnie w budynkach mieszkalnych o wysokich wymaganiach estetycznych.<\/p>\t\t\t\t\t\t\t\t<\/div>\n\t\t\t\t<\/div>\n\t\t\t\t\t<\/div>\n\t\t<\/div>\n\t\t\t\t\t<\/div>\n\t\t<\/section>\n\t\t\t\t<section class=\"elementor-section elementor-top-section elementor-element elementor-element-c1a2b2a elementor-section-boxed elementor-section-height-default elementor-section-height-default\" data-id=\"c1a2b2a\" data-element_type=\"section\">\n\t\t\t\t\t\t<div class=\"elementor-container elementor-column-gap-default\">\n\t\t\t\t\t<div class=\"elementor-column elementor-col-100 elementor-top-column elementor-element elementor-element-233f0c4\" data-id=\"233f0c4\" data-element_type=\"column\">\n\t\t\t<div class=\"elementor-widget-wrap elementor-element-populated\">\n\t\t\t\t\t\t<div class=\"elementor-element elementor-element-86b43eb elementor-widget elementor-widget-image\" data-id=\"86b43eb\" data-element_type=\"widget\" data-widget_type=\"image.default\">\n\t\t\t\t<div class=\"elementor-widget-container\">\n\t\t\t\t\t\t\t\t\t\t\t\t\t\t\t<img loading=\"lazy\" decoding=\"async\" width=\"768\" height=\"514\" src=\"https:\/\/pozyczkiw15minut.pl\/wp-content\/uploads\/2024\/12\/membrana-1024x685.jpg\" class=\"attachment-large size-large wp-image-20\" alt=\"\" srcset=\"https:\/\/pozyczkiw15minut.pl\/wp-content\/uploads\/2024\/12\/membrana-1024x685.jpg 1024w, https:\/\/pozyczkiw15minut.pl\/wp-content\/uploads\/2024\/12\/membrana-300x201.jpg 300w, https:\/\/pozyczkiw15minut.pl\/wp-content\/uploads\/2024\/12\/membrana-768x514.jpg 768w, https:\/\/pozyczkiw15minut.pl\/wp-content\/uploads\/2024\/12\/membrana-1536x1028.jpg 1536w, https:\/\/pozyczkiw15minut.pl\/wp-content\/uploads\/2024\/12\/membrana.jpg 1793w\" sizes=\"(max-width: 768px) 100vw, 768px\" \/>\t\t\t\t\t\t\t\t\t\t\t\t\t\t\t<\/div>\n\t\t\t\t<\/div>\n\t\t\t\t\t<\/div>\n\t\t<\/div>\n\t\t\t\t\t<\/div>\n\t\t<\/section>\n\t\t\t\t<section class=\"elementor-section elementor-top-section elementor-element elementor-element-bd3ff68 elementor-section-boxed elementor-section-height-default elementor-section-height-default\" data-id=\"bd3ff68\" data-element_type=\"section\">\n\t\t\t\t\t\t<div class=\"elementor-container elementor-column-gap-default\">\n\t\t\t\t\t<div class=\"elementor-column elementor-col-100 elementor-top-column elementor-element elementor-element-f77fcf8\" data-id=\"f77fcf8\" data-element_type=\"column\">\n\t\t\t<div class=\"elementor-widget-wrap elementor-element-populated\">\n\t\t\t\t\t\t<div class=\"elementor-element elementor-element-af81bd0 elementor-widget elementor-widget-heading\" data-id=\"af81bd0\" data-element_type=\"widget\" data-widget_type=\"heading.default\">\n\t\t\t\t<div class=\"elementor-widget-container\">\n\t\t\t\t\t<h2 class=\"elementor-heading-title elementor-size-default\">Zastosowania membran dachowych\n<\/h2>\t\t\t\t<\/div>\n\t\t\t\t<\/div>\n\t\t\t\t<div class=\"elementor-element elementor-element-b81d1ad elementor-widget elementor-widget-text-editor\" data-id=\"b81d1ad\" data-element_type=\"widget\" data-widget_type=\"text-editor.default\">\n\t\t\t\t<div class=\"elementor-widget-container\">\n\t\t\t\t\t\t\t\t\t<p>Membrany dachowe s\u0105 szeroko stosowane w r\u00f3\u017cnych typach budynk\u00f3w i projekt\u00f3w. Poni\u017cej wymieniono najcz\u0119stsze ich zastosowania:<\/p><h3>1. <strong>Budynki mieszkalne<\/strong><\/h3><p>Dachy p\u0142askie w domach jednorodzinnych czy blokach mieszkalnych s\u0105 idealnym miejscem dla membran dachowych, kt\u00f3re skutecznie zabezpieczaj\u0105 budynek przed wilgoci\u0105.<\/p><h3>2. <strong>Budynki przemys\u0142owe i hale magazynowe<\/strong><\/h3><p>Membrany dachowe s\u0105 doskona\u0142ym wyborem dla obiekt\u00f3w przemys\u0142owych, takich jak hale produkcyjne, magazyny czy fabryki, dzi\u0119ki swojej odporno\u015bci na chemikalia i trudne warunki \u015brodowiskowe.<\/p><h3>3. <strong>Instytucje publiczne<\/strong><\/h3><p>Szko\u0142y, urz\u0119dy czy szpitale korzystaj\u0105 z dach\u00f3w p\u0142askich, kt\u00f3re s\u0105 idealnym miejscem do instalacji membran. Dzi\u0119ki temu obiekty te zyskuj\u0105 trwa\u0142\u0105 ochron\u0119 przed wod\u0105 i minimalizuj\u0105 ryzyko kosztownych napraw.<\/p><h3>4. <strong>Obiekty sportowe i handlowe<\/strong><\/h3><p>Stadiony, hale sportowe czy centra handlowe to kolejne miejsca, gdzie membrany dachowe zapewniaj\u0105 niezawodn\u0105 hydroizolacj\u0119.<\/p><h3>5. <strong>Zielone dachy<\/strong><\/h3><p>W projektach ekologicznych membrany dachowe pe\u0142ni\u0105 kluczow\u0105 rol\u0119 jako podstawa pod warstwy ro\u015blinne. Ich wytrzyma\u0142o\u015b\u0107 i odporno\u015b\u0107 na wilgo\u0107 sprawiaj\u0105, \u017ce s\u0105 one idealnym wyborem dla zielonych dach\u00f3w.<\/p>\t\t\t\t\t\t\t\t<\/div>\n\t\t\t\t<\/div>\n\t\t\t\t<div class=\"elementor-element elementor-element-c48ffcd elementor-widget elementor-widget-heading\" data-id=\"c48ffcd\" data-element_type=\"widget\" data-widget_type=\"heading.default\">\n\t\t\t\t<div class=\"elementor-widget-container\">\n\t\t\t\t\t<h2 class=\"elementor-heading-title elementor-size-default\">Przysz\u0142o\u015b\u0107 membran dachowych\n<\/h2>\t\t\t\t<\/div>\n\t\t\t\t<\/div>\n\t\t\t\t<div class=\"elementor-element elementor-element-cc8495d elementor-widget elementor-widget-text-editor\" data-id=\"cc8495d\" data-element_type=\"widget\" data-widget_type=\"text-editor.default\">\n\t\t\t\t<div class=\"elementor-widget-container\">\n\t\t\t\t\t\t\t\t\t<p>Wraz z rosn\u0105cym zapotrzebowaniem na zr\u00f3wnowa\u017cone budownictwo membrany dachowe s\u0105 coraz cz\u0119\u015bciej integrowane z nowoczesnymi technologiami. Przyk\u0142adem s\u0105 dachy energooszcz\u0119dne, kt\u00f3re wykorzystuj\u0105 jasne membrany do odbijania promieni s\u0142onecznych, co zmniejsza zu\u017cycie energii na ch\u0142odzenie budynk\u00f3w.<\/p><p>Z kolei w projektach zielonych dach\u00f3w membrany pe\u0142ni\u0105 kluczow\u0105 rol\u0119 jako pierwsza linia obrony przed wilgoci\u0105, jednocze\u015bnie umo\u017cliwiaj\u0105c retencj\u0119 wody opadowej.<\/p>\t\t\t\t\t\t\t\t<\/div>\n\t\t\t\t<\/div>\n\t\t\t\t<div class=\"elementor-element elementor-element-6600975 elementor-widget elementor-widget-heading\" data-id=\"6600975\" data-element_type=\"widget\" data-widget_type=\"heading.default\">\n\t\t\t\t<div class=\"elementor-widget-container\">\n\t\t\t\t\t<h2 class=\"elementor-heading-title elementor-size-default\">Podsumowanie<\/h2>\t\t\t\t<\/div>\n\t\t\t\t<\/div>\n\t\t\t\t<div class=\"elementor-element elementor-element-b0f1121 elementor-widget elementor-widget-text-editor\" data-id=\"b0f1121\" data-element_type=\"widget\" data-widget_type=\"text-editor.default\">\n\t\t\t\t<div class=\"elementor-widget-container\">\n\t\t\t\t\t\t\t\t\t<p>Membrany dachowe to innowacyjne i niezawodne rozwi\u0105zanie w dziedzinie hydroizolacji. Dzi\u0119ki swojej elastyczno\u015bci, odporno\u015bci na czynniki zewn\u0119trzne oraz mo\u017cliwo\u015bci zastosowania w r\u00f3\u017cnych typach budynk\u00f3w, s\u0105 one wyborem zar\u00f3wno praktycznym, jak i ekonomicznym. Chocia\u017c ich koszt pocz\u0105tkowy mo\u017ce by\u0107 wy\u017cszy, d\u0142ugowieczno\u015b\u0107 i niskie wymagania konserwacyjne sprawiaj\u0105, \u017ce inwestycja w membrany dachowe op\u0142aca si\u0119 na przestrzeni lat.<\/p><p>Dla w\u0142a\u015bcicieli budynk\u00f3w mieszkalnych, przemys\u0142owych czy instytucji publicznych membrany dachowe oferuj\u0105 ochron\u0119, trwa\u0142o\u015b\u0107 i wszechstronno\u015b\u0107, kt\u00f3re trudno przeceni\u0107.<\/p>\t\t\t\t\t\t\t\t<\/div>\n\t\t\t\t<\/div>\n\t\t\t\t\t<\/div>\n\t\t<\/div>\n\t\t\t\t\t<\/div>\n\t\t<\/section>\n\t\t\t\t<\/div>\n\t\t","protected":false},"excerpt":{"rendered":"<p>Czym s\u0105 membrany dachowe? Membrany dachowe to cienkie, elastyczne materia\u0142y hydroizolacyjne, kt\u00f3re stosuje si\u0119 na dachach w celu ochrony przed wod\u0105 i wilgoci\u0105. Najcz\u0119\u015bciej produkowane s\u0105 z tworzyw sztucznych takich jak PVC, EPDM czy TPO, kt\u00f3re zapewniaj\u0105 doskona\u0142\u0105 trwa\u0142o\u015b\u0107 i odporno\u015b\u0107 na warunki atmosferyczne. Wykorzystywane s\u0105 zar\u00f3wno na dachach p\u0142askich, jak i sko\u015bnych, co czyni&hellip;<\/p>\n<p class=\"more\"><a class=\"more-link\" href=\"https:\/\/pozyczkiw15minut.pl\/\">Continue reading<\/a><\/p>\n","protected":false},"author":1,"featured_media":0,"parent":0,"menu_order":0,"comment_status":"closed","ping_status":"closed","template":"","meta":{"footnotes":""},"class_list":["post-9","page","type-page","status-publish","hentry","entry"],"_links":{"self":[{"href":"https:\/\/pozyczkiw15minut.pl\/index.php?rest_route=\/wp\/v2\/pages\/9","targetHints":{"allow":["GET"]}}],"collection":[{"href":"https:\/\/pozyczkiw15minut.pl\/index.php?rest_route=\/wp\/v2\/pages"}],"about":[{"href":"https:\/\/pozyczkiw15minut.pl\/index.php?rest_route=\/wp\/v2\/types\/page"}],"author":[{"embeddable":true,"href":"https:\/\/pozyczkiw15minut.pl\/index.php?rest_route=\/wp\/v2\/users\/1"}],"replies":[{"embeddable":true,"href":"https:\/\/pozyczkiw15minut.pl\/index.php?rest_route=%2Fwp%2Fv2%2Fcomments&post=9"}],"version-history":[{"count":7,"href":"https:\/\/pozyczkiw15minut.pl\/index.php?rest_route=\/wp\/v2\/pages\/9\/revisions"}],"predecessor-version":[{"id":24,"href":"https:\/\/pozyczkiw15minut.pl\/index.php?rest_route=\/wp\/v2\/pages\/9\/revisions\/24"}],"wp:attachment":[{"href":"https:\/\/pozyczkiw15minut.pl\/index.php?rest_route=%2Fwp%2Fv2%2Fmedia&parent=9"}],"curies":[{"name":"wp","href":"https:\/\/api.w.org\/{rel}","templated":true}]}}